{"id":188,"date":"2022-05-20T11:45:18","date_gmt":"2022-05-20T11:45:18","guid":{"rendered":"https:\/\/bernardi.duall.it\/?post_type=product&#038;p=188"},"modified":"2026-03-24T08:53:27","modified_gmt":"2026-03-24T08:53:27","slug":"fior-de-cassia-spumante-extra-dry","status":"publish","type":"product","link":"https:\/\/www.cantinabernardi.it\/it\/shop\/fior-de-cassia-spumante-extra-dry\/","title":{"rendered":"&#8220;Fior De Cassia&#8221; Vino Spumante Extra Dry"},"content":{"rendered":"<p>Il &#8220;Fior De Cassia&#8221; Vino Spumante Extra Dry di Cantina Bernardi \u00e8 la versione pi\u00f9 morbida e avvolgente della nostra linea &#8220;Fior de Cassia&#8221;. Il nome richiama il profumo di fiori di acacia che caratterizza questo vino, qui nella sua espressione pi\u00f9 accessibile e avvolgente.<\/p>\n<h3>Il vitigno<\/h3>\n<p>Il vitigno autoctono a bacca bianca alla base di questa etichetta \u00e8 coltivato da secoli nel nostro territorio. Inoltre, il suo inconfondibile bouquet floreale ispira il nome &#8220;Fior de Cassia&#8221;. Nei nostri vigneti, situati nella zona tra Conegliano e Valdobbiadene riconosciuta <a href=\"https:\/\/www.collineconeglianovaldobbiadene.it\/\" target=\"_blank\" rel=\"noopener\">Patrimonio UNESCO<\/a>, coltiviamo questo vitigno con la cura che merita la sua tradizione secolare.<\/p>\n<h3>La vinificazione<\/h3>\n<p>In cantina effettuiamo una pressatura soffice e fermentazione a basse temperature in acciaio inox. Di conseguenza, i delicati aromi floreali si esprimono pienamente. La presa di spuma in autoclave dona un perlage fine e persistente.<\/p>\n<h3>Fior De Cassia Spumante Extra Dry: caratteristiche organolettiche<\/h3>\n<p>Questo Fior De Cassia Spumante Extra Dry si presenta giallo paglierino con perlage delicato. Al naso esprime il caratteristico profumo di fiori di acacia, accompagnato da note di frutta matura e miele d&#8217;acacia. Infine, in bocca \u00e8 morbido e avvolgente, con una dolcezza moderata che bilancia la naturale acidit\u00e0 del vitigno.<\/p>\n<h3>Abbinamenti e servizio<\/h3>\n<p>La morbidezza della tipologia Extra Dry rende questo Fior De Cassia Spumante Extra Dry versatile a tutto pasto. In particolare, accompagna con armonia piatti della cucina trevigiana, risotti, carni bianche e formaggi freschi. Consigliamo di servirlo fresco, tra 6 e 8\u00b0C.<\/p>\n<h3>Abbinamenti e servizio<\/h3>\n<p>Questo questo spumante extra dry \u00e8 un vino versatile a tutto pasto. In particolare, si abbina con facilit\u00e0 ad antipasti leggeri, risotti con verdure, piatti di pesce al forno e formaggi a pasta molle. La morbidezza della tipologia Extra Dry lo rende inoltre perfetto come aperitivo conviviale. Consigliamo di servirlo fresco, tra 6 e 8\u00b0C, in calice da spumante.<\/p>\n<h3>Perch\u00e9 scegliere il questo vino<\/h3>\n<p>Cantina Bernardi produce questo questo vino con grande attenzione alla qualit\u00e0 delle uve a bacca bianca. Il risultato \u00e8 un vino elegante e profumato, dal rapporto qualit\u00e0-prezzo eccellente. Scopri anche il <a href=\"https:\/\/www.cantinabernardi.it\/it\/shop\/fior-de-cassia-vino-spumante-brut\/\" title=\"Fior De Cassia Brut\">Fior De Cassia Spumante Brut<\/a>, la versione pi\u00f9 secca della stessa linea.<\/p>\n","protected":false},"excerpt":{"rendered":"<p>&#8220;Fior De Cassia&#8221; Spumante Extra Dry da uve a bacca bianca autoctone dei nostri vigneti. Morbido e floreale con profumo di acacia. Perfetto a tutto pasto. Servire a 6-8\u00b0C.<\/p>\n","protected":false},"featured_media":707,"template":"","meta":{"_acf_changed":false,"_monsterinsights_skip_tracking":false,"_monsterinsights_sitenote_active":false,"_monsterinsights_sitenote_note":"","_monsterinsights_sitenote_category":0},"product_brand":[],"product_cat":[42],"product_tag":[31,35],"class_list":{"0":"post-188","1":"product","2":"type-product","3":"status-publish","4":"has-post-thumbnail","6":"product_cat-vini-spumanti","7":"product_tag-spumante","8":"product_tag-extra-dry","9":"product_shipping_class-vini","11":"first","12":"instock","13":"shipping-taxable","14":"purchasable","15":"product-type-simple"},"acf":[],"yoast_head":"<!-- This site is optimized with the Yoast SEO plugin v25.0 - https:\/\/yoast.com\/wordpress\/plugins\/seo\/ -->\n<title>Fior De Cassia Extra Dry Spumante | Cantina Bernardi<\/title>\n<meta name=\"description\" content=\"Fior De Cassia Extra Dry Spumante di Cantina Bernardi. Uve a bacca bianca, morbido e profumato. Profumo di fiori di acacia.\" \/>\n<meta name=\"robots\" content=\"index, follow, max-snippet:-1, max-image-preview:large, max-video-preview:-1\" \/>\n<link rel=\"canonical\" href=\"https:\/\/www.cantinabernardi.it\/it\/shop\/fior-de-cassia-spumante-extra-dry\/\" \/>\n<meta property=\"og:locale\" content=\"it_IT\" \/>\n<meta property=\"og:type\" content=\"article\" \/>\n<meta property=\"og:title\" content=\"Fior De Cassia Extra Dry Spumante | Cantina Bernardi\" \/>\n<meta property=\"og:description\" content=\"Fior De Cassia Extra Dry Spumante di Cantina Bernardi. Uve a bacca bianca, morbido e profumato. Profumo di fiori di acacia.\" \/>\n<meta property=\"og:url\" content=\"https:\/\/www.cantinabernardi.it\/it\/shop\/fior-de-cassia-spumante-extra-dry\/\" \/>\n<meta property=\"og:site_name\" content=\"Cantina Bernardi\" \/>\n<meta property=\"article:publisher\" content=\"https:\/\/www.facebook.com\/cantinabernardi\/\" \/>\n<meta property=\"article:modified_time\" content=\"2026-03-24T08:53:27+00:00\" \/>\n<meta property=\"og:image\" content=\"https:\/\/www.cantinabernardi.it\/wp-content\/uploads\/2023\/07\/11-FIOR-DE-CASSIA-SPUMANTE-EXTRA-DRY-387x1024.png\" \/>\n\t<meta property=\"og:image:width\" content=\"387\" \/>\n\t<meta property=\"og:image:height\" content=\"1024\" \/>\n\t<meta property=\"og:image:type\" content=\"image\/png\" \/>\n<script type=\"application\/ld+json\" class=\"yoast-schema-graph\">{\"@context\":\"https:\/\/schema.org\",\"@graph\":[{\"@type\":\"WebPage\",\"@id\":\"https:\/\/www.cantinabernardi.it\/it\/shop\/fior-de-cassia-spumante-extra-dry\/\",\"url\":\"https:\/\/www.cantinabernardi.it\/it\/shop\/fior-de-cassia-spumante-extra-dry\/\",\"name\":\"Fior De Cassia Extra Dry Spumante | Cantina Bernardi\",\"isPartOf\":{\"@id\":\"https:\/\/www.cantinabernardi.it\/it\/#website\"},\"primaryImageOfPage\":{\"@id\":\"https:\/\/www.cantinabernardi.it\/it\/shop\/fior-de-cassia-spumante-extra-dry\/#primaryimage\"},\"image\":{\"@id\":\"https:\/\/www.cantinabernardi.it\/it\/shop\/fior-de-cassia-spumante-extra-dry\/#primaryimage\"},\"thumbnailUrl\":\"https:\/\/www.cantinabernardi.it\/wp-content\/uploads\/2023\/07\/11-FIOR-DE-CASSIA-SPUMANTE-EXTRA-DRY.png\",\"datePublished\":\"2022-05-20T11:45:18+00:00\",\"dateModified\":\"2026-03-24T08:53:27+00:00\",\"description\":\"Fior De Cassia Extra Dry Spumante di Cantina Bernardi. Uve a bacca bianca, morbido e profumato. Profumo di fiori di acacia.\",\"breadcrumb\":{\"@id\":\"https:\/\/www.cantinabernardi.it\/it\/shop\/fior-de-cassia-spumante-extra-dry\/#breadcrumb\"},\"inLanguage\":\"it-IT\",\"potentialAction\":[{\"@type\":\"ReadAction\",\"target\":[\"https:\/\/www.cantinabernardi.it\/it\/shop\/fior-de-cassia-spumante-extra-dry\/\"]}]},{\"@type\":\"ImageObject\",\"inLanguage\":\"it-IT\",\"@id\":\"https:\/\/www.cantinabernardi.it\/it\/shop\/fior-de-cassia-spumante-extra-dry\/#primaryimage\",\"url\":\"https:\/\/www.cantinabernardi.it\/wp-content\/uploads\/2023\/07\/11-FIOR-DE-CASSIA-SPUMANTE-EXTRA-DRY.png\",\"contentUrl\":\"https:\/\/www.cantinabernardi.it\/wp-content\/uploads\/2023\/07\/11-FIOR-DE-CASSIA-SPUMANTE-EXTRA-DRY.png\",\"width\":2492,\"height\":6593,\"caption\":\"Bottiglia Fior De Cassia Spumante Extra Dry - Cantina Bernardi\"},{\"@type\":\"BreadcrumbList\",\"@id\":\"https:\/\/www.cantinabernardi.it\/it\/shop\/fior-de-cassia-spumante-extra-dry\/#breadcrumb\",\"itemListElement\":[{\"@type\":\"ListItem\",\"position\":1,\"name\":\"Home\",\"item\":\"https:\/\/www.cantinabernardi.it\/it\/\"},{\"@type\":\"ListItem\",\"position\":2,\"name\":\"Shop\",\"item\":\"https:\/\/www.cantinabernardi.it\/it\/shop\/\"},{\"@type\":\"ListItem\",\"position\":3,\"name\":\"&#8220;Fior De Cassia&#8221; Vino Spumante Extra Dry\"}]},{\"@type\":\"WebSite\",\"@id\":\"https:\/\/www.cantinabernardi.it\/it\/#website\",\"url\":\"https:\/\/www.cantinabernardi.it\/it\/\",\"name\":\"Cantina Bernardi Snc\",\"description\":\"Refrontolo\",\"publisher\":{\"@id\":\"https:\/\/www.cantinabernardi.it\/it\/#organization\"},\"alternateName\":\"Cantina Bernardi\",\"potentialAction\":[{\"@type\":\"SearchAction\",\"target\":{\"@type\":\"EntryPoint\",\"urlTemplate\":\"https:\/\/www.cantinabernardi.it\/it\/?s={search_term_string}\"},\"query-input\":{\"@type\":\"PropertyValueSpecification\",\"valueRequired\":true,\"valueName\":\"search_term_string\"}}],\"inLanguage\":\"it-IT\"},{\"@type\":\"Organization\",\"@id\":\"https:\/\/www.cantinabernardi.it\/it\/#organization\",\"name\":\"Cantina Bernardi Snc\",\"alternateName\":\"Cantina Bernardi\",\"url\":\"https:\/\/www.cantinabernardi.it\/it\/\",\"logo\":{\"@type\":\"ImageObject\",\"inLanguage\":\"it-IT\",\"@id\":\"https:\/\/www.cantinabernardi.it\/it\/#\/schema\/logo\/image\/\",\"url\":\"https:\/\/www.cantinabernardi.it\/wp-content\/uploads\/2022\/06\/logo-amelia-booking.jpg\",\"contentUrl\":\"https:\/\/www.cantinabernardi.it\/wp-content\/uploads\/2022\/06\/logo-amelia-booking.jpg\",\"width\":601,\"height\":601,\"caption\":\"Cantina Bernardi Snc\"},\"image\":{\"@id\":\"https:\/\/www.cantinabernardi.it\/it\/#\/schema\/logo\/image\/\"},\"sameAs\":[\"https:\/\/www.facebook.com\/cantinabernardi\/\",\"https:\/\/x.com\/cantinabernardi\",\"https:\/\/www.instagram.com\/cantinabernardi\/\"]}]}<\/script>\n<!-- \/ Yoast SEO plugin. -->","yoast_head_json":{"title":"Fior De Cassia Extra Dry Spumante | Cantina Bernardi","description":"Fior De Cassia Extra Dry Spumante di Cantina Bernardi. Uve a bacca bianca, morbido e profumato. Profumo di fiori di acacia.","robots":{"index":"index","follow":"follow","max-snippet":"max-snippet:-1","max-image-preview":"max-image-preview:large","max-video-preview":"max-video-preview:-1"},"canonical":"https:\/\/www.cantinabernardi.it\/it\/shop\/fior-de-cassia-spumante-extra-dry\/","og_locale":"it_IT","og_type":"article","og_title":"Fior De Cassia Extra Dry Spumante | Cantina Bernardi","og_description":"Fior De Cassia Extra Dry Spumante di Cantina Bernardi. Uve a bacca bianca, morbido e profumato. Profumo di fiori di acacia.","og_url":"https:\/\/www.cantinabernardi.it\/it\/shop\/fior-de-cassia-spumante-extra-dry\/","og_site_name":"Cantina Bernardi","article_publisher":"https:\/\/www.facebook.com\/cantinabernardi\/","article_modified_time":"2026-03-24T08:53:27+00:00","og_image":[{"width":387,"height":1024,"url":"https:\/\/www.cantinabernardi.it\/wp-content\/uploads\/2023\/07\/11-FIOR-DE-CASSIA-SPUMANTE-EXTRA-DRY-387x1024.png","type":"image\/png"}],"schema":{"@context":"https:\/\/schema.org","@graph":[{"@type":"WebPage","@id":"https:\/\/www.cantinabernardi.it\/it\/shop\/fior-de-cassia-spumante-extra-dry\/","url":"https:\/\/www.cantinabernardi.it\/it\/shop\/fior-de-cassia-spumante-extra-dry\/","name":"Fior De Cassia Extra Dry Spumante | Cantina Bernardi","isPartOf":{"@id":"https:\/\/www.cantinabernardi.it\/it\/#website"},"primaryImageOfPage":{"@id":"https:\/\/www.cantinabernardi.it\/it\/shop\/fior-de-cassia-spumante-extra-dry\/#primaryimage"},"image":{"@id":"https:\/\/www.cantinabernardi.it\/it\/shop\/fior-de-cassia-spumante-extra-dry\/#primaryimage"},"thumbnailUrl":"https:\/\/www.cantinabernardi.it\/wp-content\/uploads\/2023\/07\/11-FIOR-DE-CASSIA-SPUMANTE-EXTRA-DRY.png","datePublished":"2022-05-20T11:45:18+00:00","dateModified":"2026-03-24T08:53:27+00:00","description":"Fior De Cassia Extra Dry Spumante di Cantina Bernardi. Uve a bacca bianca, morbido e profumato. Profumo di fiori di acacia.","breadcrumb":{"@id":"https:\/\/www.cantinabernardi.it\/it\/shop\/fior-de-cassia-spumante-extra-dry\/#breadcrumb"},"inLanguage":"it-IT","potentialAction":[{"@type":"ReadAction","target":["https:\/\/www.cantinabernardi.it\/it\/shop\/fior-de-cassia-spumante-extra-dry\/"]}]},{"@type":"ImageObject","inLanguage":"it-IT","@id":"https:\/\/www.cantinabernardi.it\/it\/shop\/fior-de-cassia-spumante-extra-dry\/#primaryimage","url":"https:\/\/www.cantinabernardi.it\/wp-content\/uploads\/2023\/07\/11-FIOR-DE-CASSIA-SPUMANTE-EXTRA-DRY.png","contentUrl":"https:\/\/www.cantinabernardi.it\/wp-content\/uploads\/2023\/07\/11-FIOR-DE-CASSIA-SPUMANTE-EXTRA-DRY.png","width":2492,"height":6593,"caption":"Bottiglia Fior De Cassia Spumante Extra Dry - Cantina Bernardi"},{"@type":"BreadcrumbList","@id":"https:\/\/www.cantinabernardi.it\/it\/shop\/fior-de-cassia-spumante-extra-dry\/#breadcrumb","itemListElement":[{"@type":"ListItem","position":1,"name":"Home","item":"https:\/\/www.cantinabernardi.it\/it\/"},{"@type":"ListItem","position":2,"name":"Shop","item":"https:\/\/www.cantinabernardi.it\/it\/shop\/"},{"@type":"ListItem","position":3,"name":"&#8220;Fior De Cassia&#8221; Vino Spumante Extra Dry"}]},{"@type":"WebSite","@id":"https:\/\/www.cantinabernardi.it\/it\/#website","url":"https:\/\/www.cantinabernardi.it\/it\/","name":"Cantina Bernardi Snc","description":"Refrontolo","publisher":{"@id":"https:\/\/www.cantinabernardi.it\/it\/#organization"},"alternateName":"Cantina Bernardi","potentialAction":[{"@type":"SearchAction","target":{"@type":"EntryPoint","urlTemplate":"https:\/\/www.cantinabernardi.it\/it\/?s={search_term_string}"},"query-input":{"@type":"PropertyValueSpecification","valueRequired":true,"valueName":"search_term_string"}}],"inLanguage":"it-IT"},{"@type":"Organization","@id":"https:\/\/www.cantinabernardi.it\/it\/#organization","name":"Cantina Bernardi Snc","alternateName":"Cantina Bernardi","url":"https:\/\/www.cantinabernardi.it\/it\/","logo":{"@type":"ImageObject","inLanguage":"it-IT","@id":"https:\/\/www.cantinabernardi.it\/it\/#\/schema\/logo\/image\/","url":"https:\/\/www.cantinabernardi.it\/wp-content\/uploads\/2022\/06\/logo-amelia-booking.jpg","contentUrl":"https:\/\/www.cantinabernardi.it\/wp-content\/uploads\/2022\/06\/logo-amelia-booking.jpg","width":601,"height":601,"caption":"Cantina Bernardi Snc"},"image":{"@id":"https:\/\/www.cantinabernardi.it\/it\/#\/schema\/logo\/image\/"},"sameAs":["https:\/\/www.facebook.com\/cantinabernardi\/","https:\/\/x.com\/cantinabernardi","https:\/\/www.instagram.com\/cantinabernardi\/"]}]}},"_links":{"self":[{"href":"https:\/\/www.cantinabernardi.it\/it\/wp-json\/wp\/v2\/product\/188","targetHints":{"allow":["GET"]}}],"collection":[{"href":"https:\/\/www.cantinabernardi.it\/it\/wp-json\/wp\/v2\/product"}],"about":[{"href":"https:\/\/www.cantinabernardi.it\/it\/wp-json\/wp\/v2\/types\/product"}],"wp:featuredmedia":[{"embeddable":true,"href":"https:\/\/www.cantinabernardi.it\/it\/wp-json\/wp\/v2\/media\/707"}],"wp:attachment":[{"href":"https:\/\/www.cantinabernardi.it\/it\/wp-json\/wp\/v2\/media?parent=188"}],"wp:term":[{"taxonomy":"product_brand","embeddable":true,"href":"https:\/\/www.cantinabernardi.it\/it\/wp-json\/wp\/v2\/product_brand?post=188"},{"taxonomy":"product_cat","embeddable":true,"href":"https:\/\/www.cantinabernardi.it\/it\/wp-json\/wp\/v2\/product_cat?post=188"},{"taxonomy":"product_tag","embeddable":true,"href":"https:\/\/www.cantinabernardi.it\/it\/wp-json\/wp\/v2\/product_tag?post=188"}],"curies":[{"name":"wp","href":"https:\/\/api.w.org\/{rel}","templated":true}]}}